{"id":67,"date":"2022-07-06T17:49:25","date_gmt":"2022-07-06T15:49:25","guid":{"rendered":"https:\/\/ms-wolkersdorf.at\/?page_id=67"},"modified":"2022-07-06T18:54:29","modified_gmt":"2022-07-06T16:54:29","slug":"impressum","status":"publish","type":"page","link":"https:\/\/ms-wolkersdorf.at\/?page_id=67","title":{"rendered":"Impressum"},"content":{"rendered":"\n<h2 class=\"wp-block-heading\" id=\"block-4549c420-ac5c-497c-b705-f15f06890c87\">Offenlegungspflicht laut \u00a725 Mediengesetz<\/h2>\n\n\n\n<p id=\"block-fb5d0132-b0c7-4fb0-bca7-973e27606803\"><strong>Medienhinhaber und Herausgeber:<\/strong><\/p>\n\n\n\n<p id=\"block-e1224c0b-7b68-4663-b543-82c2c0624657\">Nieder\u00f6sterreichische Mittelschule 1 Wolkersdorf<br>2120 Wolkersdorf im Weinviertel, Withalmstra\u00dfe 4<br>Tel.: +43 (0)2245 2363-11<br>Fax: +43 (0)1 33 2363-19<br>E-Mail: <a href=\"http:\/\/localhost\/noems1wolkersdorf\/wp-admin\/direktion-w@ms-wolkersdorf.at\">direktion-w@ms-wolkersdorf.at<\/a><br>Schulkennzahl: 316 132<\/p>\n\n\n\n<h2 class=\"wp-block-heading\" id=\"block-18e81b94-73c8-491e-ba91-94fd72ab4847\">Haftung f\u00fcr Inhalte und Links dieser Webseite<\/h2>\n\n\n\n<p id=\"block-f4f7b697-65ca-4fdc-862a-9a81c49d369d\">Das Team der Mittelschulen Wolkersdorf \u00fcbernimmt f\u00fcr von Dritten erstellte Beitr\u00e4ge und damit eventuell begangenen Eingriffen in fremde Rechte keine Haftung. Weiters erkl\u00e4rt sich das Team der Mittelschulen Wolkersdorf als nicht verantwortlich f\u00fcr den Inhalt von Internetseiten, auf die mit einem Link verwiesen wird. Jede Nutzung bzw. Weiterverwendung von Inhalten (dies gilt insbesondere f\u00fcr Texte, Bilder, Grafiken und Programmcode) und die Portierung auf andere Medien bedarf ausnahmslos der schriftlichen Genehmigung des Medieninhabers.<\/p>\n\n\n\n<p id=\"block-4f7a02ac-5438-4547-9391-5c5a86d3161a\">Wenn Ihnen rechtswidrige Links auf unserer Website auffallen, bitten wir Sie uns zu kontaktieren.<\/p>\n\n\n\n<h2 class=\"wp-block-heading\" id=\"block-979f217f-9403-4f6c-8a20-9cdd6c738416\">Konzept, Webdesign<\/h2>\n\n\n\n<p id=\"block-1db6f5e6-8e0e-4a05-8f44-becfea1be9af\">Ing. Christoph Lehner, N\u00f6MS 1 Wolkersdorf<\/p>\n\n\n\n<div style=\"height:150px\" aria-hidden=\"true\" class=\"wp-block-spacer\"><\/div>\n","protected":false},"excerpt":{"rendered":"<p>Offenlegungspflicht laut \u00a725 Mediengesetz Medienhinhaber und Herausgeber: Nieder\u00f6sterreichische Mittelschule 1 Wolkersdorf2120 Wolkersdorf im Weinviertel, Withalmstra\u00dfe 4Tel.: +43 (0)2245 2363-11Fax: +43 (0)1 33 2363-19E-Mail: direktion-w@ms-wolkersdorf.atSchulkennzahl: 316 132 Haftung f\u00fcr Inhalte und [&hellip;]<\/p>\n","protected":false},"author":1,"featured_media":0,"parent":0,"menu_order":0,"comment_status":"closed","ping_status":"closed","template":"page-templates\/full-width-container.php","meta":{"footnotes":""},"class_list":["post-67","page","type-page","status-publish","hentry"],"_links":{"self":[{"href":"https:\/\/ms-wolkersdorf.at\/index.php?rest_route=\/wp\/v2\/pages\/67","targetHints":{"allow":["GET"]}}],"collection":[{"href":"https:\/\/ms-wolkersdorf.at\/index.php?rest_route=\/wp\/v2\/pages"}],"about":[{"href":"https:\/\/ms-wolkersdorf.at\/index.php?rest_route=\/wp\/v2\/types\/page"}],"author":[{"embeddable":true,"href":"https:\/\/ms-wolkersdorf.at\/index.php?rest_route=\/wp\/v2\/users\/1"}],"replies":[{"embeddable":true,"href":"https:\/\/ms-wolkersdorf.at\/index.php?rest_route=%2Fwp%2Fv2%2Fcomments&post=67"}],"version-history":[{"count":6,"href":"https:\/\/ms-wolkersdorf.at\/index.php?rest_route=\/wp\/v2\/pages\/67\/revisions"}],"predecessor-version":[{"id":101,"href":"https:\/\/ms-wolkersdorf.at\/index.php?rest_route=\/wp\/v2\/pages\/67\/revisions\/101"}],"wp:attachment":[{"href":"https:\/\/ms-wolkersdorf.at\/index.php?rest_route=%2Fwp%2Fv2%2Fmedia&parent=67"}],"curies":[{"name":"wp","href":"https:\/\/api.w.org\/{rel}","templated":true}]}}